{"id":106,"date":"2021-04-14T20:27:01","date_gmt":"2021-04-14T20:27:01","guid":{"rendered":"http:\/\/mipaginawebenpruebas.com\/cdr\/?page_id=106"},"modified":"2025-05-26T13:03:48","modified_gmt":"2025-05-26T11:03:48","slug":"inicio","status":"publish","type":"page","link":"https:\/\/ws054.juntadeandalucia.es\/crnandalucia\/","title":{"rendered":"Inicio"},"content":{"rendered":"\t\t<div data-elementor-type=\"wp-page\" data-elementor-id=\"106\" class=\"elementor elementor-106\" data-elementor-post-type=\"page\">\n\t\t\t\t\t\t<section class=\"elementor-section elementor-top-section elementor-element elementor-element-d120d63 elementor-section-boxed elementor-section-height-default elementor-section-height-default\" data-id=\"d120d63\" data-element_type=\"section\">\n\t\t\t\t\t\t<div class=\"elementor-container elementor-column-gap-default\">\n\t\t\t\t\t<div class=\"elementor-column elementor-col-50 elementor-top-column elementor-element elementor-element-b309dae\" data-id=\"b309dae\" data-element_type=\"column\">\n\t\t\t<div class=\"elementor-widget-wrap elementor-element-populated\">\n\t\t\t\t\t\t<div class=\"elementor-element elementor-element-951bcc0 elementor-widget elementor-widget-image\" data-id=\"951bcc0\" data-element_type=\"widget\" data-widget_type=\"image.default\">\n\t\t\t\t<div class=\"elementor-widget-container\">\n\t\t\t\t\t\t\t\t\t\t\t\t\t\t\t\t<a href=\"https:\/\/ws054.juntadeandalucia.es\/crnandalucia\/artesania\/\">\n\t\t\t\t\t\t\t<img fetchpriority=\"high\" decoding=\"async\" width=\"619\" height=\"317\" src=\"https:\/\/ws054.juntadeandalucia.es\/crnandalucia\/wp-content\/uploads\/2021\/06\/INDEX_ESCUELA_CDR_05_03.jpg\" class=\"attachment-full size-full wp-image-1546\" alt=\"\" srcset=\"https:\/\/ws054.juntadeandalucia.es\/crnandalucia\/wp-content\/uploads\/2021\/06\/INDEX_ESCUELA_CDR_05_03.jpg 619w, https:\/\/ws054.juntadeandalucia.es\/crnandalucia\/wp-content\/uploads\/2021\/06\/INDEX_ESCUELA_CDR_05_03-300x154.jpg 300w\" sizes=\"(max-width: 619px) 100vw, 619px\" \/>\t\t\t\t\t\t\t\t<\/a>\n\t\t\t\t\t\t\t\t\t\t\t\t\t\t\t<\/div>\n\t\t\t\t<\/div>\n\t\t\t\t\t<\/div>\n\t\t<\/div>\n\t\t\t\t<div class=\"elementor-column elementor-col-50 elementor-top-column elementor-element elementor-element-0d3bc44\" data-id=\"0d3bc44\" data-element_type=\"column\">\n\t\t\t<div class=\"elementor-widget-wrap elementor-element-populated\">\n\t\t\t\t\t\t<div class=\"elementor-element elementor-element-eb0e08f elementor-widget elementor-widget-image\" data-id=\"eb0e08f\" data-element_type=\"widget\" data-widget_type=\"image.default\">\n\t\t\t\t<div class=\"elementor-widget-container\">\n\t\t\t\t\t\t\t\t\t\t\t\t\t\t\t\t<a href=\"https:\/\/ws054.juntadeandalucia.es\/crnandalucia\/carpinteria-y-madera\/\">\n\t\t\t\t\t\t\t<img decoding=\"async\" width=\"621\" height=\"318\" src=\"https:\/\/ws054.juntadeandalucia.es\/crnandalucia\/wp-content\/uploads\/2021\/09\/CARP_Y_PIEDRA_INDEX_01.jpg\" class=\"attachment-large size-large wp-image-5346\" alt=\"\" srcset=\"https:\/\/ws054.juntadeandalucia.es\/crnandalucia\/wp-content\/uploads\/2021\/09\/CARP_Y_PIEDRA_INDEX_01.jpg 621w, https:\/\/ws054.juntadeandalucia.es\/crnandalucia\/wp-content\/uploads\/2021\/09\/CARP_Y_PIEDRA_INDEX_01-300x154.jpg 300w\" sizes=\"(max-width: 621px) 100vw, 621px\" \/>\t\t\t\t\t\t\t\t<\/a>\n\t\t\t\t\t\t\t\t\t\t\t\t\t\t\t<\/div>\n\t\t\t\t<\/div>\n\t\t\t\t\t<\/div>\n\t\t<\/div>\n\t\t\t\t\t<\/div>\n\t\t<\/section>\n\t\t\t\t<section class=\"elementor-section elementor-top-section elementor-element elementor-element-932f0cc elementor-section-boxed elementor-section-height-default elementor-section-height-default\" data-id=\"932f0cc\" data-element_type=\"section\">\n\t\t\t\t\t\t<div class=\"elementor-container elementor-column-gap-default\">\n\t\t\t\t\t<div class=\"elementor-column elementor-col-50 elementor-top-column elementor-element elementor-element-8c7f949\" data-id=\"8c7f949\" data-element_type=\"column\">\n\t\t\t<div class=\"elementor-widget-wrap elementor-element-populated\">\n\t\t\t\t\t\t<div class=\"elementor-element elementor-element-516de18 elementor-widget elementor-widget-image\" data-id=\"516de18\" data-element_type=\"widget\" data-widget_type=\"image.default\">\n\t\t\t\t<div class=\"elementor-widget-container\">\n\t\t\t\t\t\t\t\t\t\t\t\t\t\t\t\t<a href=\"https:\/\/ws054.juntadeandalucia.es\/crnandalucia\/joyeria-y-orfebreria\/\">\n\t\t\t\t\t\t\t<img decoding=\"async\" width=\"618\" height=\"318\" src=\"https:\/\/ws054.juntadeandalucia.es\/crnandalucia\/wp-content\/uploads\/2021\/06\/INDEX_ESCUELA_CDR_05_09.jpg\" class=\"attachment-full size-full wp-image-1548\" alt=\"\" srcset=\"https:\/\/ws054.juntadeandalucia.es\/crnandalucia\/wp-content\/uploads\/2021\/06\/INDEX_ESCUELA_CDR_05_09.jpg 618w, https:\/\/ws054.juntadeandalucia.es\/crnandalucia\/wp-content\/uploads\/2021\/06\/INDEX_ESCUELA_CDR_05_09-300x154.jpg 300w\" sizes=\"(max-width: 618px) 100vw, 618px\" \/>\t\t\t\t\t\t\t\t<\/a>\n\t\t\t\t\t\t\t\t\t\t\t\t\t\t\t<\/div>\n\t\t\t\t<\/div>\n\t\t\t\t\t<\/div>\n\t\t<\/div>\n\t\t\t\t<div class=\"elementor-column elementor-col-50 elementor-top-column elementor-element elementor-element-76cdaa9\" data-id=\"76cdaa9\" data-element_type=\"column\">\n\t\t\t<div class=\"elementor-widget-wrap elementor-element-populated\">\n\t\t\t\t\t\t<div class=\"elementor-element elementor-element-6415a07 elementor-widget elementor-widget-image\" data-id=\"6415a07\" data-element_type=\"widget\" data-widget_type=\"image.default\">\n\t\t\t\t<div class=\"elementor-widget-container\">\n\t\t\t\t\t\t\t\t\t\t\t\t\t\t\t\t<a href=\"https:\/\/ws054.juntadeandalucia.es\/crnandalucia\/piedra-natural\/\">\n\t\t\t\t\t\t\t<img loading=\"lazy\" decoding=\"async\" width=\"618\" height=\"318\" src=\"https:\/\/ws054.juntadeandalucia.es\/crnandalucia\/wp-content\/uploads\/2021\/09\/CARP_Y_PIEDRA_INDEX_03-1.jpg\" class=\"attachment-large size-large wp-image-5352\" alt=\"\" srcset=\"https:\/\/ws054.juntadeandalucia.es\/crnandalucia\/wp-content\/uploads\/2021\/09\/CARP_Y_PIEDRA_INDEX_03-1.jpg 618w, https:\/\/ws054.juntadeandalucia.es\/crnandalucia\/wp-content\/uploads\/2021\/09\/CARP_Y_PIEDRA_INDEX_03-1-300x154.jpg 300w\" sizes=\"(max-width: 618px) 100vw, 618px\" \/>\t\t\t\t\t\t\t\t<\/a>\n\t\t\t\t\t\t\t\t\t\t\t\t\t\t\t<\/div>\n\t\t\t\t<\/div>\n\t\t\t\t\t<\/div>\n\t\t<\/div>\n\t\t\t\t\t<\/div>\n\t\t<\/section>\n\t\t\t\t<section class=\"elementor-section elementor-top-section elementor-element elementor-element-5dd506c elementor-section-boxed elementor-section-height-default elementor-section-height-default\" data-id=\"5dd506c\" data-element_type=\"section\">\n\t\t\t\t\t\t<div class=\"elementor-container elementor-column-gap-default\">\n\t\t\t\t\t<div class=\"elementor-column elementor-col-50 elementor-top-column elementor-element elementor-element-f306ead\" data-id=\"f306ead\" data-element_type=\"column\">\n\t\t\t<div class=\"elementor-widget-wrap elementor-element-populated\">\n\t\t\t\t\t\t<div class=\"elementor-element elementor-element-f07fbc1 elementor-widget elementor-widget-image\" data-id=\"f07fbc1\" data-element_type=\"widget\" data-widget_type=\"image.default\">\n\t\t\t\t<div class=\"elementor-widget-container\">\n\t\t\t\t\t\t\t\t\t\t\t\t\t\t\t\t<a href=\"https:\/\/ws054.juntadeandalucia.es\/crnandalucia\/hosteleria\/\">\n\t\t\t\t\t\t\t<img loading=\"lazy\" decoding=\"async\" width=\"618\" height=\"318\" src=\"https:\/\/ws054.juntadeandalucia.es\/crnandalucia\/wp-content\/uploads\/2023\/06\/INDEX_HOSTELERIA_ESCUELA_CDR_02A_03.jpg\" class=\"attachment-full size-full wp-image-15745\" alt=\"\" srcset=\"https:\/\/ws054.juntadeandalucia.es\/crnandalucia\/wp-content\/uploads\/2023\/06\/INDEX_HOSTELERIA_ESCUELA_CDR_02A_03.jpg 618w, https:\/\/ws054.juntadeandalucia.es\/crnandalucia\/wp-content\/uploads\/2023\/06\/INDEX_HOSTELERIA_ESCUELA_CDR_02A_03-300x154.jpg 300w\" sizes=\"(max-width: 618px) 100vw, 618px\" \/>\t\t\t\t\t\t\t\t<\/a>\n\t\t\t\t\t\t\t\t\t\t\t\t\t\t\t<\/div>\n\t\t\t\t<\/div>\n\t\t\t\t\t<\/div>\n\t\t<\/div>\n\t\t\t\t<div class=\"elementor-column elementor-col-50 elementor-top-column elementor-element elementor-element-5367385\" data-id=\"5367385\" data-element_type=\"column\">\n\t\t\t<div class=\"elementor-widget-wrap\">\n\t\t\t\t\t\t\t<\/div>\n\t\t<\/div>\n\t\t\t\t\t<\/div>\n\t\t<\/section>\n\t\t\t\t<section class=\"elementor-section elementor-top-section elementor-element elementor-element-66c0a75 elementor-section-boxed elementor-section-height-default elementor-section-height-default\" data-id=\"66c0a75\" data-element_type=\"section\" data-settings=\"{&quot;background_background&quot;:&quot;classic&quot;}\">\n\t\t\t\t\t\t<div class=\"elementor-container elementor-column-gap-default\">\n\t\t\t\t\t<div class=\"elementor-column elementor-col-100 elementor-top-column elementor-element elementor-element-1cf5dd7\" data-id=\"1cf5dd7\" data-element_type=\"column\">\n\t\t\t<div class=\"elementor-widget-wrap elementor-element-populated\">\n\t\t\t\t\t\t<div class=\"elementor-element elementor-element-bd3adc9 elementor-widget elementor-widget-text-editor\" data-id=\"bd3adc9\" data-element_type=\"widget\" data-widget_type=\"text-editor.default\">\n\t\t\t\t<div class=\"elementor-widget-container\">\n\t\t\t\t\t\t\t\t\t<p>Noticias<\/p>\t\t\t\t\t\t\t\t<\/div>\n\t\t\t\t<\/div>\n\t\t\t\t<div class=\"elementor-element elementor-element-3c21a33 elementor-widget elementor-widget-image\" data-id=\"3c21a33\" data-element_type=\"widget\" data-widget_type=\"image.default\">\n\t\t\t\t<div class=\"elementor-widget-container\">\n\t\t\t\t\t\t\t\t\t\t\t\t\t\t\t<img loading=\"lazy\" decoding=\"async\" width=\"204\" height=\"1\" src=\"https:\/\/ws054.juntadeandalucia.es\/crnandalucia\/wp-content\/uploads\/2021\/04\/INDEX_ESCUELA_CDR_03_03-1.jpg\" class=\"attachment-large size-large wp-image-138\" alt=\"\" srcset=\"https:\/\/ws054.juntadeandalucia.es\/crnandalucia\/wp-content\/uploads\/2021\/04\/INDEX_ESCUELA_CDR_03_03-1.jpg 204w, https:\/\/ws054.juntadeandalucia.es\/crnandalucia\/wp-content\/uploads\/2021\/04\/INDEX_ESCUELA_CDR_03_03-1-150x1.jpg 150w\" sizes=\"(max-width: 204px) 100vw, 204px\" \/>\t\t\t\t\t\t\t\t\t\t\t\t\t\t\t<\/div>\n\t\t\t\t<\/div>\n\t\t\t\t<div class=\"elementor-element elementor-element-43f2564 elementor-widget elementor-widget-shortcode\" data-id=\"43f2564\" data-element_type=\"widget\" data-widget_type=\"shortcode.default\">\n\t\t\t\t<div class=\"elementor-widget-container\">\n\t\t\t\t\t\t\t<div class=\"elementor-shortcode\"><div class=\"row\"><div class=\"col-md-6 sinderecha\"><div class=\"col-md-12 fondoblanco\"><div class=\"titulo\">Comienza en el CEP de Granada el curso \u201cIniciaci\u00f3n a la esparteria y fibras vegetales\u201d<\/div><div class=\"fecha\">29\/04\/2026<\/div><div class=\"contenidof\">Esta acci\u00f3n formativa est\u00e1 enmarcada en el Plan de Acci\u00f3n PTA 2025 del CRN Artesan\u00eda, dentro de la actividad 10.2 Iniciaci\u00f3n para el Profesorado en Artesan\u00eda del Esparto y dem\u00e1s Fibras Vegetales<\/div><a href=\"https:\/\/ws054.juntadeandalucia.es\/crnandalucia\/cep-granada-curso-iniciacion-esparteria-fibras-vegetales\/\"><div class=\"saberm verde\">Leer m\u00e1s <span class=\"guion\">_<\/span><\/div><\/a><div class=\"categor\"><a href=\"https:\/\/crnandalucia.com\/artesania\/\"><div class=\"sobre verde2\">CRN Artesania <\/div><\/a><\/div><\/div><\/div><div class=\"col-md-6 sinizquierda\"><div class=\"col-md-12 fondoblanco\"><div class=\"titulo\">De muebles olvidados a piezas \u00fanicas: formaci\u00f3n que recupera historia y crea futuro<\/div><div class=\"fecha\">23\/04\/2026<\/div><div class=\"contenidof\"> <p>La reciente acci\u00f3n formativa sobre \u201cAplicaci\u00f3n de productos superficiales de acabado en carpinter\u00eda y mueble\u201d se ha desarrollado con la participaci\u00f3n de un grupo de mujeres de la Asociaci\u00f3n de Mujeres de Encinas Reales (CERES), en un entorno que pone de relieve la importancia de la formaci\u00f3n<\/div><a href=\"https:\/\/ws054.juntadeandalucia.es\/crnandalucia\/de-muebles-olvidados-a-piezas-unicas-formacion-que-recupera-historia-y-crea-futuro\/\"><div class=\"saberm azul\">Leer m\u00e1s <span class=\"guion\">_<\/span><\/div><\/a><div class=\"categor\"><a href=\"https:\/\/crnandalucia.com\/carpinteria-y-madera\/\"><div class=\"sobre azul2\">CRN carpinter\u00eda y madera <\/div><\/a><\/div><\/div><\/div><\/div><div class=\"row\"><div class=\"col-md-6 sinderecha\"><div class=\"col-md-12 fondoblanco\"><div class=\"titulo\">El CRN de Joyer\u00eda consolida  su compromiso con la formaci\u00f3n inclusiva en el sector<\/div><div class=\"fecha\">18\/04\/2026<\/div><div class=\"contenidof\">\"Trabajamos para que la formaci\u00f3n llegue a todos, dise\u00f1ando acciones que favorecen la inclusi\u00f3n de personas con discapacidad y en riesgo de exclusi\u00f3n laboral\"<\/div><a href=\"https:\/\/ws054.juntadeandalucia.es\/crnandalucia\/el-crn-de-joyeria-consolida-su-compromiso-con-la-formacion-inclusiva-en-el-sector\/\"><div class=\"saberm morado\">Leer m\u00e1s <span class=\"guion\">_<\/span><\/div><\/a><div class=\"categor\"><a href=\"https:\/\/crnandalucia.com\/joyeria-y-orfebreria\/\"><div class=\"sobre morado2\">CRN Joyer\u00eda y orfebrer\u00eda <\/div><\/a><\/div><\/div><\/div><div class=\"col-md-6 sinizquierda\"><div class=\"col-md-12 fondoblanco\"><div class=\"titulo\">Jornada presencial sobre Seguridad y Salud en Trabajos con S\u00edlice<\/div><div class=\"fecha\">06\/11\/2025<\/div><div class=\"contenidof\"> <p>El <strong>Centro de Prevenci\u00f3n de Riesgos Laborales de la Junta de Andaluc\u00eda en Almer\u00eda <\/strong>organiza&nbsp;la <strong>Jornada presencial \"Seguridad y Salud en Trabajos con S\u00edlice\"<\/strong>, que cuenta con la colaboraci\u00f3n de <strong>Asepeyo<\/strong>, <strong>Grupo Procarion<\/strong> e <strong>Inspecci\u00f3n de Trabajo y Seguridad Social<\/strong>.<\/p>   <p>\ud83d\uddd3\ufe0f<\/div><a href=\"https:\/\/ws054.juntadeandalucia.es\/crnandalucia\/jornada-presencial-sobre-seguridad-y-salud-en-trabajos-con-silice\/\"><div class=\"saberm marron\">Leer m\u00e1s <span class=\"guion\">_<\/span><\/div><\/a><div class=\"categor\"><a href=\"https:\/\/crnandalucia.com\/piedra-natural\/\"><div class=\"sobre marron2\">CRN Piedra natural <\/div><\/a><\/div><\/div><\/div><\/div><div class=\"col-md-6 sinderecha\"><div class=\"col-md-12 fondoblanco\"><div class=\"titulo\">El CRN de Hosteler\u00eda CIO Mijas impulsa el talento joven con el IV Gran Prix de Cocteler\u00eda Joven Barman<\/div><div class=\"fecha\">14\/04\/2026<\/div><div class=\"contenidof\"><p><\/p> <p>La Escuela CIO Mijas, CRN de Hosteler\u00eda, se consolida como un referente en la formaci\u00f3n y proyecci\u00f3n del talento joven con la celebraci\u00f3n del IV Gran Prix de Cocteler\u00eda Joven Barman.<\/p> <p><\/p> <p>La Escuela CIO Mijas, CRN de Hosteler\u00eda, ha sido el escenario<\/div><a href=\"https:\/\/ws054.juntadeandalucia.es\/crnandalucia\/el-crn-de-hosteleria-cio-mijas-impulsa-el-talento-joven-con-el-iv-gran-prix-de-cocteleria-joven-barman\/\"><div class=\"saberm naranja\">Leer m\u00e1s <span class=\"guion\">_<\/span><\/div><\/a><div class=\"categor\"><a href=\"\"><div class=\"sobre naranja2\">CRN Hosteleria <\/div><\/a><\/div><\/div><\/div><\/div><\/div>\n\t\t\t\t\t\t<\/div>\n\t\t\t\t<\/div>\n\t\t\t\t\t<\/div>\n\t\t<\/div>\n\t\t\t\t\t<\/div>\n\t\t<\/section>\n\t\t\t\t<section class=\"elementor-section elementor-top-section elementor-element elementor-element-20b238b elementor-section-boxed elementor-section-height-default elementor-section-height-default\" data-id=\"20b238b\" data-element_type=\"section\">\n\t\t\t\t\t\t<div class=\"elementor-container elementor-column-gap-default\">\n\t\t\t\t\t<div class=\"elementor-column elementor-col-100 elementor-top-column elementor-element elementor-element-69f18a5\" data-id=\"69f18a5\" data-element_type=\"column\">\n\t\t\t<div class=\"elementor-widget-wrap elementor-element-populated\">\n\t\t\t\t\t\t<div class=\"elementor-element elementor-element-9e02b1d elementor-widget elementor-widget-image\" data-id=\"9e02b1d\" data-element_type=\"widget\" data-widget_type=\"image.default\">\n\t\t\t\t<div class=\"elementor-widget-container\">\n\t\t\t\t\t\t\t\t\t\t\t\t\t\t\t\t<a href=\"https:\/\/ws054.juntadeandalucia.es\/crnandalucia\/nuevo-ciclo-de-webinars-para-docentes\/\">\n\t\t\t\t\t\t\t<img loading=\"lazy\" decoding=\"async\" width=\"1258\" height=\"358\" src=\"https:\/\/ws054.juntadeandalucia.es\/crnandalucia\/wp-content\/uploads\/2021\/04\/INDEX_ESCUELA_CDR_03_18.png\" class=\"attachment-full size-full wp-image-119\" alt=\"\" srcset=\"https:\/\/ws054.juntadeandalucia.es\/crnandalucia\/wp-content\/uploads\/2021\/04\/INDEX_ESCUELA_CDR_03_18.png 1258w, https:\/\/ws054.juntadeandalucia.es\/crnandalucia\/wp-content\/uploads\/2021\/04\/INDEX_ESCUELA_CDR_03_18-300x85.png 300w, https:\/\/ws054.juntadeandalucia.es\/crnandalucia\/wp-content\/uploads\/2021\/04\/INDEX_ESCUELA_CDR_03_18-1024x291.png 1024w, https:\/\/ws054.juntadeandalucia.es\/crnandalucia\/wp-content\/uploads\/2021\/04\/INDEX_ESCUELA_CDR_03_18-768x219.png 768w\" sizes=\"(max-width: 1258px) 100vw, 1258px\" \/>\t\t\t\t\t\t\t\t<\/a>\n\t\t\t\t\t\t\t\t\t\t\t\t\t\t\t<\/div>\n\t\t\t\t<\/div>\n\t\t\t\t\t<\/div>\n\t\t<\/div>\n\t\t\t\t\t<\/div>\n\t\t<\/section>\n\t\t\t\t<section class=\"elementor-section elementor-top-section elementor-element elementor-element-198b550 elementor-section-boxed elementor-section-height-default elementor-section-height-default\" data-id=\"198b550\" data-element_type=\"section\">\n\t\t\t\t\t\t<div class=\"elementor-container elementor-column-gap-default\">\n\t\t\t\t\t<div class=\"elementor-column elementor-col-100 elementor-top-column elementor-element elementor-element-42356b0\" data-id=\"42356b0\" data-element_type=\"column\">\n\t\t\t<div class=\"elementor-widget-wrap elementor-element-populated\">\n\t\t\t\t\t\t\t<\/div>\n\t\t<\/div>\n\t\t\t\t\t<\/div>\n\t\t<\/section>\n\t\t\t\t<\/div>\n\t\t","protected":false},"excerpt":{"rendered":"<p>Noticias<\/p>\n","protected":false},"author":1,"featured_media":0,"parent":0,"menu_order":0,"comment_status":"closed","ping_status":"closed","template":"elementor_header_footer","meta":{"_acf_changed":false,"footnotes":""},"class_list":["post-106","page","type-page","status-publish","hentry"],"acf":[],"yoast_head":"<!-- This site is optimized with the Yoast SEO plugin v25.3 - https:\/\/yoast.com\/wordpress\/plugins\/seo\/ -->\n<title>Inicio - Escuelas CRN<\/title>\n<meta name=\"robots\" content=\"index, follow, max-snippet:-1, max-image-preview:large, max-video-preview:-1\" \/>\n<link rel=\"canonical\" href=\"https:\/\/ws054.juntadeandalucia.es\/crnandalucia\/\" \/>\n<meta property=\"og:locale\" content=\"es_ES\" \/>\n<meta property=\"og:type\" content=\"article\" \/>\n<meta property=\"og:title\" content=\"Inicio - Escuelas CRN\" \/>\n<meta property=\"og:description\" content=\"Noticias\" \/>\n<meta property=\"og:url\" content=\"https:\/\/ws054.juntadeandalucia.es\/crnandalucia\/\" \/>\n<meta property=\"og:site_name\" content=\"Escuelas CRN\" \/>\n<meta property=\"article:modified_time\" content=\"2025-05-26T11:03:48+00:00\" \/>\n<meta property=\"og:image\" content=\"https:\/\/ws054.juntadeandalucia.es\/crnandalucia\/wp-content\/uploads\/2021\/06\/INDEX_ESCUELA_CDR_05_03.jpg\" \/>\n<meta name=\"twitter:card\" content=\"summary_large_image\" \/>\n<meta name=\"twitter:label1\" content=\"Tiempo de lectura\" \/>\n\t<meta name=\"twitter:data1\" content=\"1 minuto\" \/>\n<script type=\"application\/ld+json\" class=\"yoast-schema-graph\">{\"@context\":\"https:\/\/schema.org\",\"@graph\":[{\"@type\":\"WebPage\",\"@id\":\"https:\/\/ws054.juntadeandalucia.es\/crnandalucia\/\",\"url\":\"https:\/\/ws054.juntadeandalucia.es\/crnandalucia\/\",\"name\":\"Inicio - Escuelas CRN\",\"isPartOf\":{\"@id\":\"https:\/\/ws054.juntadeandalucia.es\/crnandalucia\/#website\"},\"primaryImageOfPage\":{\"@id\":\"https:\/\/ws054.juntadeandalucia.es\/crnandalucia\/#primaryimage\"},\"image\":{\"@id\":\"https:\/\/ws054.juntadeandalucia.es\/crnandalucia\/#primaryimage\"},\"thumbnailUrl\":\"https:\/\/ws054.juntadeandalucia.es\/crnandalucia\/wp-content\/uploads\/2021\/06\/INDEX_ESCUELA_CDR_05_03.jpg\",\"datePublished\":\"2021-04-14T20:27:01+00:00\",\"dateModified\":\"2025-05-26T11:03:48+00:00\",\"breadcrumb\":{\"@id\":\"https:\/\/ws054.juntadeandalucia.es\/crnandalucia\/#breadcrumb\"},\"inLanguage\":\"es\",\"potentialAction\":[{\"@type\":\"ReadAction\",\"target\":[\"https:\/\/ws054.juntadeandalucia.es\/crnandalucia\/\"]}]},{\"@type\":\"ImageObject\",\"inLanguage\":\"es\",\"@id\":\"https:\/\/ws054.juntadeandalucia.es\/crnandalucia\/#primaryimage\",\"url\":\"https:\/\/ws054.juntadeandalucia.es\/crnandalucia\/wp-content\/uploads\/2021\/06\/INDEX_ESCUELA_CDR_05_03.jpg\",\"contentUrl\":\"https:\/\/ws054.juntadeandalucia.es\/crnandalucia\/wp-content\/uploads\/2021\/06\/INDEX_ESCUELA_CDR_05_03.jpg\",\"width\":619,\"height\":317},{\"@type\":\"BreadcrumbList\",\"@id\":\"https:\/\/ws054.juntadeandalucia.es\/crnandalucia\/#breadcrumb\",\"itemListElement\":[{\"@type\":\"ListItem\",\"position\":1,\"name\":\"Portada\",\"item\":\"https:\/\/ws054.juntadeandalucia.es\/crnandalucia\/\"},{\"@type\":\"ListItem\",\"position\":2,\"name\":\"Inicio\"}]},{\"@type\":\"WebSite\",\"@id\":\"https:\/\/ws054.juntadeandalucia.es\/crnandalucia\/#website\",\"url\":\"https:\/\/ws054.juntadeandalucia.es\/crnandalucia\/\",\"name\":\"Escuelas CRN\",\"description\":\"\",\"potentialAction\":[{\"@type\":\"SearchAction\",\"target\":{\"@type\":\"EntryPoint\",\"urlTemplate\":\"https:\/\/ws054.juntadeandalucia.es\/crnandalucia\/?s={search_term_string}\"},\"query-input\":{\"@type\":\"PropertyValueSpecification\",\"valueRequired\":true,\"valueName\":\"search_term_string\"}}],\"inLanguage\":\"es\"}]}<\/script>\n<!-- \/ Yoast SEO plugin. -->","yoast_head_json":{"title":"Inicio - Escuelas CRN","robots":{"index":"index","follow":"follow","max-snippet":"max-snippet:-1","max-image-preview":"max-image-preview:large","max-video-preview":"max-video-preview:-1"},"canonical":"https:\/\/ws054.juntadeandalucia.es\/crnandalucia\/","og_locale":"es_ES","og_type":"article","og_title":"Inicio - Escuelas CRN","og_description":"Noticias","og_url":"https:\/\/ws054.juntadeandalucia.es\/crnandalucia\/","og_site_name":"Escuelas CRN","article_modified_time":"2025-05-26T11:03:48+00:00","og_image":[{"url":"https:\/\/ws054.juntadeandalucia.es\/crnandalucia\/wp-content\/uploads\/2021\/06\/INDEX_ESCUELA_CDR_05_03.jpg","type":"","width":"","height":""}],"twitter_card":"summary_large_image","twitter_misc":{"Tiempo de lectura":"1 minuto"},"schema":{"@context":"https:\/\/schema.org","@graph":[{"@type":"WebPage","@id":"https:\/\/ws054.juntadeandalucia.es\/crnandalucia\/","url":"https:\/\/ws054.juntadeandalucia.es\/crnandalucia\/","name":"Inicio - Escuelas CRN","isPartOf":{"@id":"https:\/\/ws054.juntadeandalucia.es\/crnandalucia\/#website"},"primaryImageOfPage":{"@id":"https:\/\/ws054.juntadeandalucia.es\/crnandalucia\/#primaryimage"},"image":{"@id":"https:\/\/ws054.juntadeandalucia.es\/crnandalucia\/#primaryimage"},"thumbnailUrl":"https:\/\/ws054.juntadeandalucia.es\/crnandalucia\/wp-content\/uploads\/2021\/06\/INDEX_ESCUELA_CDR_05_03.jpg","datePublished":"2021-04-14T20:27:01+00:00","dateModified":"2025-05-26T11:03:48+00:00","breadcrumb":{"@id":"https:\/\/ws054.juntadeandalucia.es\/crnandalucia\/#breadcrumb"},"inLanguage":"es","potentialAction":[{"@type":"ReadAction","target":["https:\/\/ws054.juntadeandalucia.es\/crnandalucia\/"]}]},{"@type":"ImageObject","inLanguage":"es","@id":"https:\/\/ws054.juntadeandalucia.es\/crnandalucia\/#primaryimage","url":"https:\/\/ws054.juntadeandalucia.es\/crnandalucia\/wp-content\/uploads\/2021\/06\/INDEX_ESCUELA_CDR_05_03.jpg","contentUrl":"https:\/\/ws054.juntadeandalucia.es\/crnandalucia\/wp-content\/uploads\/2021\/06\/INDEX_ESCUELA_CDR_05_03.jpg","width":619,"height":317},{"@type":"BreadcrumbList","@id":"https:\/\/ws054.juntadeandalucia.es\/crnandalucia\/#breadcrumb","itemListElement":[{"@type":"ListItem","position":1,"name":"Portada","item":"https:\/\/ws054.juntadeandalucia.es\/crnandalucia\/"},{"@type":"ListItem","position":2,"name":"Inicio"}]},{"@type":"WebSite","@id":"https:\/\/ws054.juntadeandalucia.es\/crnandalucia\/#website","url":"https:\/\/ws054.juntadeandalucia.es\/crnandalucia\/","name":"Escuelas CRN","description":"","potentialAction":[{"@type":"SearchAction","target":{"@type":"EntryPoint","urlTemplate":"https:\/\/ws054.juntadeandalucia.es\/crnandalucia\/?s={search_term_string}"},"query-input":{"@type":"PropertyValueSpecification","valueRequired":true,"valueName":"search_term_string"}}],"inLanguage":"es"}]}},"_links":{"self":[{"href":"https:\/\/ws054.juntadeandalucia.es\/crnandalucia\/wp-json\/wp\/v2\/pages\/106","targetHints":{"allow":["GET"]}}],"collection":[{"href":"https:\/\/ws054.juntadeandalucia.es\/crnandalucia\/wp-json\/wp\/v2\/pages"}],"about":[{"href":"https:\/\/ws054.juntadeandalucia.es\/crnandalucia\/wp-json\/wp\/v2\/types\/page"}],"author":[{"embeddable":true,"href":"https:\/\/ws054.juntadeandalucia.es\/crnandalucia\/wp-json\/wp\/v2\/users\/1"}],"replies":[{"embeddable":true,"href":"https:\/\/ws054.juntadeandalucia.es\/crnandalucia\/wp-json\/wp\/v2\/comments?post=106"}],"version-history":[{"count":108,"href":"https:\/\/ws054.juntadeandalucia.es\/crnandalucia\/wp-json\/wp\/v2\/pages\/106\/revisions"}],"predecessor-version":[{"id":24518,"href":"https:\/\/ws054.juntadeandalucia.es\/crnandalucia\/wp-json\/wp\/v2\/pages\/106\/revisions\/24518"}],"wp:attachment":[{"href":"https:\/\/ws054.juntadeandalucia.es\/crnandalucia\/wp-json\/wp\/v2\/media?parent=106"}],"curies":[{"name":"wp","href":"https:\/\/api.w.org\/{rel}","templated":true}]}}